{"id":2,"date":"2016-05-10T03:48:21","date_gmt":"2016-05-10T03:48:21","guid":{"rendered":"http:\/\/lavanderiatopclean.com.br\/?page_id=2"},"modified":"2024-08-31T17:36:32","modified_gmt":"2024-08-31T17:36:32","slug":"sample-page","status":"publish","type":"page","link":"http:\/\/lavanderiatopclean.com.br\/","title":{"rendered":"APRESENTA\u00c7\u00c3O"},"content":{"rendered":"<p>A Topclean tem 10 anos de exist\u00eancia no mercado, o nosso foco de atua\u00e7\u00e3o \u00e9 na \u00e1rea de higieniza\u00e7\u00e3o de enxovais e roupa de hospede, oferecendo rapidez e qualidade. Sempre especializando-se e inovando para assim servir e prestar servi\u00e7os com excel\u00eancia.<\/p>\n<p>Com muito profissionalismo e empatia, estamos dispostos a trabalhar com disponibilidade em atender com a m\u00e1xima urg\u00eancia, focando sempre na satisfa\u00e7\u00e3o do cliente e garantia de servi\u00e7o bem feito.<\/p>\n","protected":false},"excerpt":{"rendered":"<p>A Topclean tem 10 anos de exist\u00eancia no mercado, o nosso foco de atua\u00e7\u00e3o \u00e9 na \u00e1rea de higieniza\u00e7\u00e3o de enxovais e roupa de hospede, oferecendo rapidez e qualidade. Sempre especializando-se e inovando para assim servir e prestar servi\u00e7os com excel\u00eancia. Com muito profissionalismo e empatia, estamos dispostos a trabalhar com disponibilidade em atender com [&hellip;]<\/p>\n","protected":false},"author":1,"featured_media":0,"parent":0,"menu_order":0,"comment_status":"closed","ping_status":"open","template":"","meta":[],"_links":{"self":[{"href":"http:\/\/lavanderiatopclean.com.br\/index.php?rest_route=\/wp\/v2\/pages\/2"}],"collection":[{"href":"http:\/\/lavanderiatopclean.com.br\/index.php?rest_route=\/wp\/v2\/pages"}],"about":[{"href":"http:\/\/lavanderiatopclean.com.br\/index.php?rest_route=\/wp\/v2\/types\/page"}],"author":[{"embeddable":true,"href":"http:\/\/lavanderiatopclean.com.br\/index.php?rest_route=\/wp\/v2\/users\/1"}],"replies":[{"embeddable":true,"href":"http:\/\/lavanderiatopclean.com.br\/index.php?rest_route=%2Fwp%2Fv2%2Fcomments&post=2"}],"version-history":[{"count":5,"href":"http:\/\/lavanderiatopclean.com.br\/index.php?rest_route=\/wp\/v2\/pages\/2\/revisions"}],"predecessor-version":[{"id":84,"href":"http:\/\/lavanderiatopclean.com.br\/index.php?rest_route=\/wp\/v2\/pages\/2\/revisions\/84"}],"wp:attachment":[{"href":"http:\/\/lavanderiatopclean.com.br\/index.php?rest_route=%2Fwp%2Fv2%2Fmedia&parent=2"}],"curies":[{"name":"wp","href":"https:\/\/api.w.org\/{rel}","templated":true}]}}